{"id":4767,"date":"2025-01-06T13:56:34","date_gmt":"2025-01-06T05:56:34","guid":{"rendered":"https:\/\/www.wbyq.cn\/product\/4767.html"},"modified":"2025-02-13T19:42:31","modified_gmt":"2025-02-13T11:42:31","slug":"%e7%94%b5%e5%ae%b9%e6%b5%8b%e8%af%95%e4%bb%aa-3506-10","status":"publish","type":"product","link":"https:\/\/ad.wbyq.cn\/en\/product\/4767.html","title":{"rendered":"Capacitance Tester 3506-10"},"content":{"rendered":"<h3 class=\"recorder_basic\">Basic parameters<\/h3>\n<div class=\"m_top25\">\n<table class=\"recorder_parameter\" border=\"0\" width=\"925\" cellspacing=\"0\" cellpadding=\"0\">\n<tbody>\n<tr class=\"firstRow\">\n<th bgcolor=\"#F7F7F7\" width=\"216\">measured parameter<\/th>\n<td><strong>C<\/strong>(capacitor)<strong>D<\/strong>(loss factor tan \u03b4), Q (1\/tan \u03b4)<\/td>\n<\/tr>\n<tr>\n<th bgcolor=\"#F7F7F7\">Measurement range<\/th>\n<td><strong>C.<\/strong>0.001fF\uff5e15.0000\u03bcF<br \/>\n<strong>D.<\/strong>\u00a00.00001 to 1.99999<br \/>\n<strong>Q.<\/strong>0.0 to 19999.9<\/td>\n<\/tr>\n<tr>\n<th bgcolor=\"#F7F7F7\">Basic precision<\/th>\n<td><span class=\"Hi_10\">(<\/span>(representative value)<strong>C.<\/strong>\u00a0\u00b10.14% rdg.\u00a0<strong>D.\u00a0<\/strong>\u00b10.0013<\/td>\n<\/tr>\n<tr>\n<th bgcolor=\"#F7F7F7\">Measurement frequency<\/th>\n<td>1kHz, 1MHz<\/td>\n<\/tr>\n<tr>\n<th bgcolor=\"#F7F7F7\">Measured signal level<\/th>\n<td>500mV, 1V rms<\/td>\n<\/tr>\n<tr>\n<th bgcolor=\"#F7F7F7\">output resistance<\/th>\n<td>1\u03a9 (2.2 \u03bcF or more range at 1kHz), 20\u03a9 (range other than above)<\/td>\n<\/tr>\n<tr>\n<th bgcolor=\"#F7F7F7\">demonstrate<\/th>\n<td>LED (6-digit display, full scale is determined by the effective distance of the points)<\/td>\n<\/tr>\n<tr>\n<th bgcolor=\"#F7F7F7\">measuring time<\/th>\n<td>1.5 ms: 1MHz, 2.0 ms: 1kHz<\/td>\n<\/tr>\n<tr>\n<th bgcolor=\"#F7F7F7\">functionality<\/th>\n<td>BIN classification measurement, Trigger synchronized output, Measurement condition memory, Measured value comparison function, Average value function, Low-C filtering function, Vibration function, Current detection and monitoring function, Output voltage monitoring function, Inputs and outputs for control (EXT. I\/O), RS-232C interface, GP-IB interface<\/td>\n<\/tr>\n<tr>\n<th bgcolor=\"#F7F7F7\">power supply<\/th>\n<td>AC 100\/120\/220\/240V \u00b110%<span class=\"Hi_10\">(Optional)<\/span>, 50\/60Hz, 40VA max.<\/td>\n<\/tr>\n<tr>\n<th bgcolor=\"#F7F7F7\">Volume and weight<\/th>\n<td>260W \u00d7 100H \u00d7 298Dmm, 4.8kg<\/td>\n<\/tr>\n<tr>\n<th bgcolor=\"#F7F7F7\">attachment (email)<\/th>\n<td>Power cord \u00d7 1, Power spare fuse \u00d7 1, Instruction manual \u00d7 1<\/td>\n<\/tr>\n<\/tbody>\n<\/table>\n<\/div>","protected":false},"excerpt":{"rendered":"<div class=\"txt\"><strong>Compatible with 1MHz testing, low volume, high precision, high speed testing<\/strong><\/div>\n<div><\/div>\n<div class=\"des\">C, (tan \u03b4), Q test, low resistance measurement Test source frequency: 1kHz, 1MHz Measurement time: 1.5ms(1MHz) RS-232C, GP-IB<\/div>","protected":false},"featured_media":4990,"comment_status":"open","ping_status":"closed","template":"","meta":{"themepark_post_bcolor":"#f5f5f5","themepark_post_width":"1022px","themepark_post_img":"","themepark_post_img_po":"left","themepark_post_img_re":false,"themepark_post_img_cover":false,"themepark_post_img_fixed":false,"themepark_post_hide_title":false,"themepark_post_main_b":"","themepark_post_main_p":100,"themepark_paddingblock":false},"product_brand":[3530],"product_cat":[68,52],"product_tag":[1985,1917,1987],"class_list":{"0":"post-4767","1":"product","2":"type-product","3":"status-publish","4":"has-post-thumbnail","6":"product_brand-hioki","7":"product_cat-digital-bridge","8":"product_cat-tydzcs","9":"product_tag-lcr","10":"product_tag-1917","11":"product_tag-1987","13":"first","14":"instock","15":"shipping-taxable","16":"product-type-simple"},"_links":{"self":[{"href":"https:\/\/ad.wbyq.cn\/en\/wp-json\/wp\/v2\/product\/4767","targetHints":{"allow":["GET"]}}],"collection":[{"href":"https:\/\/ad.wbyq.cn\/en\/wp-json\/wp\/v2\/product"}],"about":[{"href":"https:\/\/ad.wbyq.cn\/en\/wp-json\/wp\/v2\/types\/product"}],"replies":[{"embeddable":true,"href":"https:\/\/ad.wbyq.cn\/en\/wp-json\/wp\/v2\/comments?post=4767"}],"wp:featuredmedia":[{"embeddable":true,"href":"https:\/\/ad.wbyq.cn\/en\/wp-json\/wp\/v2\/media\/4990"}],"wp:attachment":[{"href":"https:\/\/ad.wbyq.cn\/en\/wp-json\/wp\/v2\/media?parent=4767"}],"wp:term":[{"taxonomy":"product_brand","embeddable":true,"href":"https:\/\/ad.wbyq.cn\/en\/wp-json\/wp\/v2\/product_brand?post=4767"},{"taxonomy":"product_cat","embeddable":true,"href":"https:\/\/ad.wbyq.cn\/en\/wp-json\/wp\/v2\/product_cat?post=4767"},{"taxonomy":"product_tag","embeddable":true,"href":"https:\/\/ad.wbyq.cn\/en\/wp-json\/wp\/v2\/product_tag?post=4767"}],"curies":[{"name":"wp","href":"https:\/\/api.w.org\/{rel}","templated":true}]}}