{"id":4892,"date":"2025-01-06T23:39:57","date_gmt":"2025-01-06T15:39:57","guid":{"rendered":"https:\/\/www.wbyq.cn\/product\/4892.html"},"modified":"2025-02-13T19:40:38","modified_gmt":"2025-02-13T11:40:38","slug":"%e6%95%b0%e5%ad%97%e4%b8%87%e7%94%a8%e8%a1%a8dt4281%ef%bc%8cdt4282","status":"publish","type":"product","link":"https:\/\/ad.wbyq.cn\/en\/product\/4892.html","title":{"rendered":"Digital Multimeter DT4281, DT4282"},"content":{"rendered":"<h3 class=\"recorder_basic\">Basic parameters<\/h3>\n<div class=\"m_top25\">\n<table class=\"recorder_parameter\" border=\"0\" width=\"925\" cellspacing=\"0\" cellpadding=\"0\">\n<tbody>\n<tr class=\"firstRow\">\n<th bgcolor=\"#f7f7f7\" width=\"216\"><\/th>\n<th bgcolor=\"#f3f8fb\" width=\"350\">DT4281<\/th>\n<th bgcolor=\"#fefaf1\">DT4282<\/th>\n<\/tr>\n<tr>\n<th bgcolor=\"#f7f7f7\">dc voltage<\/th>\n<td colspan=\"2\">60.000 mV~1000.0 V, 6 ranges, basic accuracy: \u00b10.025 % rdg. \u00b12 dgt.<\/td>\n<\/tr>\n<tr>\n<th rowspan=\"2\" bgcolor=\"#f7f7f7\">alternating current<br \/>\n45~66Hz<\/th>\n<td colspan=\"2\">60.000 mV~1000.0 V, 6 ranges, frequency characteristics: 20 Hz~100 kHz<\/td>\n<\/tr>\n<tr>\n<td colspan=\"2\">Basic accuracy: \u00b10.3 % rdg. \u00b125 dgt. (RMS, crest factor 3 or less)<\/td>\n<\/tr>\n<tr>\n<th rowspan=\"2\" bgcolor=\"#f7f7f7\">DC + AC Voltage<br \/>\n45~66Hz<\/th>\n<td colspan=\"2\">6.0000 V~1000.0 V, 4 ranges, frequency characteristics: 20 Hz~100 kHz<\/td>\n<\/tr>\n<tr>\n<td colspan=\"2\">Basic accuracy: \u00b10.4 % rdg. \u00b130 dgt. (RMS, crest factor 3 or less)<\/td>\n<\/tr>\n<tr>\n<th rowspan=\"2\" bgcolor=\"#f7f7f7\">resistive<\/th>\n<td colspan=\"2\">60.000 \u03a9~600.0 M\u03a9, 8-step range, [600.00 nS, DT4282 only<\/td>\n<\/tr>\n<tr>\n<td colspan=\"2\">Basic accuracy: \u00b10.03 % rdg. \u00b12 dgt.<\/td>\n<\/tr>\n<tr>\n<th rowspan=\"2\" bgcolor=\"#f7f7f7\">direct current<\/th>\n<td bgcolor=\"#f3f8fb\">600.00 \u03bcA~600.00 mA, 4 steps range<\/td>\n<td bgcolor=\"#fefaf1\">600.00 \u03bcA~10.000 A, 6 steps range<\/td>\n<\/tr>\n<tr>\n<td colspan=\"2\">Basic accuracy: \u00b10.05 % rdg. \u00b15 dgt.<\/td>\n<\/tr>\n<tr>\n<th rowspan=\"3\" bgcolor=\"#f7f7f7\">alternating current (electricity)<br \/>\n45~66Hz<\/th>\n<td bgcolor=\"#f3f8fb\">600.00 \u03bcA~600.00 mA, 4 steps range<\/td>\n<td bgcolor=\"#fefaf1\">600.00 \u03bcA~10.000 A, 6 steps range<\/td>\n<\/tr>\n<tr>\n<td colspan=\"2\">Basic accuracy: \u00b10.6 % rdg. \u00b15 dgt. (RMS, crest factor 3 or less)<\/td>\n<\/tr>\n<tr>\n<td colspan=\"2\">Frequency characteristics: 20 Hz~20 kHz (at 600 \u03bcA~600 mA range)<\/td>\n<\/tr>\n<tr>\n<th rowspan=\"2\" bgcolor=\"#f7f7f7\">alternating current (electricity)<br \/>\n(AC clamp-on probe measurement)<br \/>\n40~1kHz<\/th>\n<td bgcolor=\"#f3f8fb\">10.00 A~1000 A, 7 ranges<\/td>\n<td bgcolor=\"#fefaf1\">not have<\/td>\n<\/tr>\n<tr>\n<td bgcolor=\"#f3f8fb\">Basic accuracy: \u00b10.6 % rdg. \u00b12 dgt. plus clamp on<br \/>\nTest accuracy of the probe (RMS, crest factor 3 or less)<\/td>\n<td bgcolor=\"#fefaf1\">not have<\/td>\n<\/tr>\n<tr>\n<th rowspan=\"2\" bgcolor=\"#f7f7f7\">peak measurement<\/th>\n<td colspan=\"2\">DC V measurement: signal width 4ms or more (single), 1ms or more (repeated)<\/td>\n<\/tr>\n<tr>\n<td colspan=\"2\">AC V, DC\/AC A measurement, etc.: Signal width 1 ms or more (single), 250 \u03bcs or more (repeated)<\/td>\n<\/tr>\n<tr>\n<th bgcolor=\"#f7f7f7\">capacitive coupling<\/th>\n<td colspan=\"2\">1.000 nF~100.0 mF, 9 ranges, basic accuracy: \u00b11.0 % rdg. \u00b15 dgt.<\/td>\n<\/tr>\n<tr>\n<th bgcolor=\"#f7f7f7\">conductivity check<\/th>\n<td colspan=\"2\">Conductivity ON threshold: 20~500 \u03a9 or less<br \/>\nConductivity OFF threshold: 220~600 \u03a9 or less, Response time: 5ms or more<\/td>\n<\/tr>\n<tr>\n<th bgcolor=\"#f7f7f7\">Diode Testing<\/th>\n<td colspan=\"2\">Open Circuit Voltage: 4.5V or less, Test Current: 1.2mA or less, Clockwise Threshold: 0.15~3V, 7 kinds of<\/td>\n<\/tr>\n<tr>\n<th bgcolor=\"#f7f7f7\">frequency<\/th>\n<td colspan=\"2\">AC V, DC+AC V, AC A Measurement, 1\u03bcs or more (duty cycle 50%) pulse width when<br \/>\n99.999 Hz (0.5 Hz or more) ~500.00 kHz, 5-position range, \u00b10.02 % rdg. \u00b13 dgt.<\/td>\n<\/tr>\n<tr>\n<th bgcolor=\"#f7f7f7\">Decibel Conversion Measurement<\/th>\n<td colspan=\"2\">Standard impedance setting (dBm), 4 \u03a9~1200 \u03a9, 20 types<br \/>\nDisplays the dB conversion value (dBV) relative to the standard value of the AC voltage<\/td>\n<\/tr>\n<tr>\n<th bgcolor=\"#f7f7f7\">Other Functions<\/th>\n<td colspan=\"2\">Filter function (to remove harmonic interference, AC600V\/1000V range only), display value hold, and<br \/>\nAuto hold, correlation display, maximum\/minimum value display, measured value storage, USB communication (option)<br \/>\nPercentage conversion display (4-20mA\/0-20mA converted to 0~100%), backlighting<\/td>\n<\/tr>\n<tr>\n<th bgcolor=\"#f7f7f7\">demonstrate<\/th>\n<td colspan=\"2\">5-digit LCD display, max. 60000 dgt.<\/td>\n<\/tr>\n<tr>\n<th bgcolor=\"#f7f7f7\">Display update rate<\/th>\n<td colspan=\"2\">5 times\/s (capacitive coupling: 0.05~2 times\/s depending on measured value, temperature: 1 time\/s)<\/td>\n<\/tr>\n<tr>\n<th bgcolor=\"#f7f7f7\">power supply<\/th>\n<td colspan=\"2\">Alkaline battery No. 5 (LR6) \u00d7 4, continuous use time: 100h<\/td>\n<\/tr>\n<tr>\n<th bgcolor=\"#f7f7f7\">Volume and weight<\/th>\n<td colspan=\"2\">93W \u00d7 197H \u00d7 53D mm, 650 g (including battery, test lead frame)<\/td>\n<\/tr>\n<tr>\n<th bgcolor=\"#f7f7f7\">attachment (email)<\/th>\n<td colspan=\"2\">Test Lead L9207-10\u00d71, Instruction Manual\u00d71, Alkaline Battery No. 5 (LR6) \u00d74<\/td>\n<\/tr>\n<\/tbody>\n<\/table>\n<\/div>","protected":false},"excerpt":{"rendered":"<div class=\"txt\"><strong>Two models with high precision and high speed response for effective professional testing.<\/strong><\/div>\n<div><\/div>\n<div class=\"des\">Multi-function 60,000-point display AC\/DC voltage measurement Positive and negative peak measurement Low-pass filtering function AC measurement in combination with clamp sensor USB communication (option) True RMS<\/div>","protected":false},"featured_media":5182,"comment_status":"open","ping_status":"closed","template":"","meta":{"themepark_post_bcolor":"#f5f5f5","themepark_post_width":"1022px","themepark_post_img":"","themepark_post_img_po":"left","themepark_post_img_re":false,"themepark_post_img_cover":false,"themepark_post_img_fixed":false,"themepark_post_hide_title":false,"themepark_post_main_b":"","themepark_post_main_p":100,"themepark_paddingblock":false},"product_brand":[3530],"product_cat":[52,1964],"product_tag":[1826],"class_list":{"0":"post-4892","1":"product","2":"type-product","3":"status-publish","4":"has-post-thumbnail","6":"product_brand-hioki","7":"product_cat-tydzcs","8":"product_cat-multimeter","9":"product_tag-1826","11":"first","12":"instock","13":"shipping-taxable","14":"product-type-simple"},"_links":{"self":[{"href":"https:\/\/ad.wbyq.cn\/en\/wp-json\/wp\/v2\/product\/4892","targetHints":{"allow":["GET"]}}],"collection":[{"href":"https:\/\/ad.wbyq.cn\/en\/wp-json\/wp\/v2\/product"}],"about":[{"href":"https:\/\/ad.wbyq.cn\/en\/wp-json\/wp\/v2\/types\/product"}],"replies":[{"embeddable":true,"href":"https:\/\/ad.wbyq.cn\/en\/wp-json\/wp\/v2\/comments?post=4892"}],"wp:featuredmedia":[{"embeddable":true,"href":"https:\/\/ad.wbyq.cn\/en\/wp-json\/wp\/v2\/media\/5182"}],"wp:attachment":[{"href":"https:\/\/ad.wbyq.cn\/en\/wp-json\/wp\/v2\/media?parent=4892"}],"wp:term":[{"taxonomy":"product_brand","embeddable":true,"href":"https:\/\/ad.wbyq.cn\/en\/wp-json\/wp\/v2\/product_brand?post=4892"},{"taxonomy":"product_cat","embeddable":true,"href":"https:\/\/ad.wbyq.cn\/en\/wp-json\/wp\/v2\/product_cat?post=4892"},{"taxonomy":"product_tag","embeddable":true,"href":"https:\/\/ad.wbyq.cn\/en\/wp-json\/wp\/v2\/product_tag?post=4892"}],"curies":[{"name":"wp","href":"https:\/\/api.w.org\/{rel}","templated":true}]}}